{"id":13,"date":"2026-01-22T16:34:25","date_gmt":"2026-01-22T21:34:25","guid":{"rendered":"https:\/\/bordadorasmafreds.com\/?page_id=13"},"modified":"2026-01-28T13:35:53","modified_gmt":"2026-01-28T18:35:53","slug":"servicio-tecnico","status":"publish","type":"page","link":"https:\/\/bordadorasmafreds.com\/?page_id=13","title":{"rendered":"Servicio T\u00e9cnico"},"content":{"rendered":"<div class=\"n2_clear\"><ss3-force-full-width data-overflow-x=\"body\" data-horizontal-selector=\"body\"><div class=\"n2-section-smartslider fitvidsignore  n2_clear\" data-ssid=\"6\"><div id=\"n2-ss-6-align\" class=\"n2-ss-align\"><div class=\"n2-padding\"><div id=\"n2-ss-6\" data-creator=\"Smart Slider 3\" data-responsive=\"fullwidth\" class=\"n2-ss-slider n2-ow n2-has-hover n2notransition  \">\n\n\n\n<div class=\"n2-ss-slider-wrapper-inside\">\n        <div class=\"n2-ss-slider-1 n2_ss__touch_element n2-ow\">\n            <div class=\"n2-ss-slider-2 n2-ow\">\n                                                <div class=\"n2-ss-slider-3 n2-ow\">\n\n                    <div class=\"n2-ss-slide-backgrounds n2-ow-all\"><div class=\"n2-ss-slide-background\" data-public-id=\"1\" data-mode=\"blurfit\"><div class=\"n2-ss-slide-background-image\" data-blur=\"0\" data-opacity=\"100\" data-x=\"20\" data-y=\"18\" data-alt=\"Reparacion Bordadora\" data-title=\"\" style=\"margin:-14px;padding:14px\" data-globalblur=\"7\" data-bgblur=\"7\"><picture style=\"filter:blur(7px)\" class=\"skip-lazy\" data-skip-lazy=\"1\"><img decoding=\"async\" src=\"\/\/bordadorasmafreds.com\/wp-content\/uploads\/2026\/01\/WhatsApp-Image-2026-01-28-at-1.02.35-PM-1.jpeg\" alt=\"Reparacion Bordadora\" title=\"\" loading=\"lazy\" class=\"skip-lazy\" data-skip-lazy=\"1\"><\/picture><\/div><div class=\"n2-ss-slide-background-image\" data-blur=\"0\" data-opacity=\"100\" data-x=\"20\" data-y=\"18\" data-alt=\"Reparacion Bordadora\" data-title=\"\" style=\"--ss-o-pos-x:20%;--ss-o-pos-y:18%\"><picture class=\"skip-lazy\" data-skip-lazy=\"1\"><img decoding=\"async\" src=\"\/\/bordadorasmafreds.com\/wp-content\/uploads\/2026\/01\/WhatsApp-Image-2026-01-28-at-1.02.35-PM-1.jpeg\" alt=\"Reparacion Bordadora\" title=\"\" loading=\"lazy\" class=\"skip-lazy\" data-skip-lazy=\"1\"><\/picture><\/div><div data-color=\"RGBA(255,255,255,0)\" style=\"background-color: RGBA(255,255,255,0);\" class=\"n2-ss-slide-background-color\"><\/div><\/div><div class=\"n2-ss-slide-background\" data-public-id=\"2\" data-mode=\"blurfit\" aria-hidden=\"true\"><div class=\"n2-ss-slide-background-image\" data-blur=\"0\" data-opacity=\"100\" data-x=\"46\" data-y=\"24\" data-alt=\"Reparaci\u00f3n Bordadora\" data-title=\"\" style=\"margin:-14px;padding:14px\" data-globalblur=\"7\" data-bgblur=\"7\"><picture style=\"filter:blur(7px)\" class=\"skip-lazy\" data-skip-lazy=\"1\"><img decoding=\"async\" src=\"\/\/bordadorasmafreds.com\/wp-content\/uploads\/2026\/01\/WhatsApp-Image-2026-01-28-at-1.02.35-PM-2.jpeg\" alt=\"Reparaci\u00f3n Bordadora\" title=\"\" loading=\"lazy\" class=\"skip-lazy\" data-skip-lazy=\"1\"><\/picture><\/div><div class=\"n2-ss-slide-background-image\" data-blur=\"0\" data-opacity=\"100\" data-x=\"46\" data-y=\"24\" data-alt=\"Reparaci\u00f3n Bordadora\" data-title=\"\" style=\"--ss-o-pos-x:46%;--ss-o-pos-y:24%\"><picture class=\"skip-lazy\" data-skip-lazy=\"1\"><img decoding=\"async\" src=\"\/\/bordadorasmafreds.com\/wp-content\/uploads\/2026\/01\/WhatsApp-Image-2026-01-28-at-1.02.35-PM-2.jpeg\" alt=\"Reparaci\u00f3n Bordadora\" title=\"\" loading=\"lazy\" class=\"skip-lazy\" data-skip-lazy=\"1\"><\/picture><\/div><div data-color=\"RGBA(255,255,255,0)\" style=\"background-color: RGBA(255,255,255,0);\" class=\"n2-ss-slide-background-color\"><\/div><\/div><div class=\"n2-ss-slide-background\" data-public-id=\"3\" data-mode=\"blurfit\" aria-hidden=\"true\"><div class=\"n2-ss-slide-background-image\" data-blur=\"0\" data-opacity=\"100\" data-x=\"66\" data-y=\"24\" data-alt=\"Reparaci\u00f3n\" data-title=\"\" style=\"margin:-14px;padding:14px\" data-globalblur=\"7\" data-bgblur=\"7\"><picture style=\"filter:blur(7px)\" class=\"skip-lazy\" data-skip-lazy=\"1\"><img decoding=\"async\" src=\"\/\/bordadorasmafreds.com\/wp-content\/uploads\/2026\/01\/WhatsApp-Image-2026-01-28-at-1.02.35-PM.jpeg\" alt=\"Reparaci\u00f3n\" title=\"\" loading=\"lazy\" class=\"skip-lazy\" data-skip-lazy=\"1\"><\/picture><\/div><div class=\"n2-ss-slide-background-image\" data-blur=\"0\" data-opacity=\"100\" data-x=\"66\" data-y=\"24\" data-alt=\"Reparaci\u00f3n\" data-title=\"\" style=\"--ss-o-pos-x:66%;--ss-o-pos-y:24%\"><picture class=\"skip-lazy\" data-skip-lazy=\"1\"><img decoding=\"async\" src=\"\/\/bordadorasmafreds.com\/wp-content\/uploads\/2026\/01\/WhatsApp-Image-2026-01-28-at-1.02.35-PM.jpeg\" alt=\"Reparaci\u00f3n\" title=\"\" loading=\"lazy\" class=\"skip-lazy\" data-skip-lazy=\"1\"><\/picture><\/div><div data-color=\"RGBA(255,255,255,0)\" style=\"background-color: RGBA(255,255,255,0);\" class=\"n2-ss-slide-background-color\"><\/div><\/div><\/div>                    <div class=\"n2-ss-slider-4 n2-ow\">\n                        <svg xmlns=\"http:\/\/www.w3.org\/2000\/svg\" viewBox=\"0 0 1920 800\" data-related-device=\"desktopPortrait\" class=\"n2-ow n2-ss-preserve-size n2-ss-preserve-size--slider n2-ss-slide-limiter\"><\/svg><div data-first=\"1\" data-slide-duration=\"0\" data-id=\"39\" data-slide-public-id=\"1\" data-title=\"Reparaci\u00f3n Bordadora\" class=\"n2-ss-slide n2-ow  n2-ss-slide-39\"><div role=\"note\" class=\"n2-ss-slide--focus\" tabindex=\"-1\">Reparaci\u00f3n Bordadora<\/div><div class=\"n2-ss-layers-container n2-ss-slide-limiter n2-ow\"><div class=\"n2-ss-layer n2-ow n-uc-SKwCzJFuvG2z\" data-sstype=\"slide\" data-pm=\"default\"><\/div><\/div><\/div><div data-slide-duration=\"0\" data-id=\"40\" data-slide-public-id=\"2\" aria-hidden=\"true\" data-title=\"Reparaci\u00f3n Bordadora\" class=\"n2-ss-slide n2-ow  n2-ss-slide-40\"><div role=\"note\" class=\"n2-ss-slide--focus\" tabindex=\"-1\">Reparaci\u00f3n Bordadora<\/div><div class=\"n2-ss-layers-container n2-ss-slide-limiter n2-ow\"><div class=\"n2-ss-layer n2-ow n-uc-QevX9wADImnT\" data-sstype=\"slide\" data-pm=\"default\"><\/div><\/div><\/div><div data-slide-duration=\"0\" data-id=\"41\" data-slide-public-id=\"3\" aria-hidden=\"true\" data-title=\"Reparaci\u00f3n Bordadora\" class=\"n2-ss-slide n2-ow  n2-ss-slide-41\"><div role=\"note\" class=\"n2-ss-slide--focus\" tabindex=\"-1\">Reparaci\u00f3n Bordadora<\/div><div class=\"n2-ss-layers-container n2-ss-slide-limiter n2-ow\"><div class=\"n2-ss-layer n2-ow n-uc-DrQ5l8c7z5z2\" data-sstype=\"slide\" data-pm=\"default\"><\/div><\/div><\/div>                    <\/div>\n\n                                    <\/div>\n            <\/div>\n        <\/div>\n        <div class=\"n2-ss-slider-controls n2-ss-slider-controls-absolute-right-top\"><div style=\"--widget-offset:15px;\" class=\"n2-ss-widget n2-style-f17ddbf2d8ed14421f9093b94b93b8a9-heading nextend-autoplay n2-ow-all nextend-autoplay-image\" role=\"button\" aria-label=\"Iniciar reproducci\u00f3n autom\u00e1tica\" data-pause-label=\"Pausar reproducci\u00f3n autom\u00e1tica\" data-play-label=\"Iniciar reproducci\u00f3n autom\u00e1tica\" tabindex=\"0\"><img loading=\"lazy\" decoding=\"async\" width=\"16\" height=\"16\" class=\"nextend-autoplay-play skip-lazy\" data-skip-lazy=\"1\" src=\"data:image\/svg+xml;base64,PHN2ZyB3aWR0aD0iMTYiIGhlaWdodD0iMTYiIHZpZXdCb3g9IjAgMCAxNiAxNiIgeG1sbnM9Imh0dHA6Ly93d3cudzMub3JnLzIwMDAvc3ZnIj4KICAgIDxwYXRoIGQ9Ik0xMS41OCA3LjAzTDUuMzAyIDIuMTY1QzUuMTY1IDIuMDU3IDUuMDE2IDIgNC44NTcgMiA0LjM4NCAyIDQgMi41MDQgNCAzLjEyNXY5Ljc1YzAgLjYyLjM4NCAxLjEyNS44NTcgMS4xMjUuMTYgMCAuMzA4LS4wNTcuNDM2LS4xNTZMMTEuNTggOC45N2MuMjUtLjE5OC40Mi0uNTU4LjQyLS45NyAwLS40MTItLjE3LS43NzMtLjQyLS45N3oiCiAgICAgICAgICBmaWxsPSIjZmZmZmZmIiBvcGFjaXR5PSIwLjgiIGZpbGwtcnVsZT0iZXZlbm9kZCIvPgo8L3N2Zz4=\" alt=\"Play\"><img loading=\"lazy\" decoding=\"async\" width=\"16\" height=\"16\" class=\"nextend-autoplay-pause skip-lazy\" data-skip-lazy=\"1\" src=\"data:image\/svg+xml;base64,PHN2ZyB3aWR0aD0iMTYiIGhlaWdodD0iMTYiIHZpZXdCb3g9IjAgMCAxNiAxNiIgeG1sbnM9Imh0dHA6Ly93d3cudzMub3JnLzIwMDAvc3ZnIj4KICAgIDxwYXRoIGQ9Ik00IDJ2MTJoM1YySDR6bTUgMHYxMmgzVjJIOXoiIGZpbGw9IiNmZmZmZmYiIG9wYWNpdHk9IjAuOCIgZmlsbC1ydWxlPSJldmVub2RkIi8+Cjwvc3ZnPg==\" alt=\"Pause\"><\/div><\/div><div class=\"n2-ss-slider-controls n2-ss-slider-controls-absolute-left-center\"><div style=\"--widget-offset:15px;\" class=\"n2-ss-widget nextend-arrow n2-ow-all nextend-arrow-previous  nextend-arrow-animated-fade\" data-hide-mobileportrait=\"1\" id=\"n2-ss-6-arrow-previous\" role=\"button\" aria-label=\"previous arrow\" tabindex=\"0\"><img loading=\"lazy\" decoding=\"async\" width=\"32\" height=\"32\" class=\"skip-lazy\" data-skip-lazy=\"1\" src=\"data:image\/svg+xml;base64,PHN2ZyB3aWR0aD0iMzIiIGhlaWdodD0iMzIiIHZpZXdCb3g9IjAgMCAzMiAzMiIgeG1sbnM9Imh0dHA6Ly93d3cudzMub3JnLzIwMDAvc3ZnIj4KICAgIDxwYXRoIGQ9Ik0xMS40MzMgMTUuOTkyTDIyLjY5IDUuNzEyYy4zOTMtLjM5LjM5My0xLjAzIDAtMS40Mi0uMzkzLS4zOS0xLjAzLS4zOS0xLjQyMyAwbC0xMS45OCAxMC45NGMtLjIxLjIxLS4zLjQ5LS4yODUuNzYtLjAxNS4yOC4wNzUuNTYuMjg0Ljc3bDExLjk4IDEwLjk0Yy4zOTMuMzkgMS4wMy4zOSAxLjQyNCAwIC4zOTMtLjQuMzkzLTEuMDMgMC0xLjQybC0xMS4yNTctMTAuMjkiCiAgICAgICAgICBmaWxsPSIjZmZmZmZmIiBvcGFjaXR5PSIwLjgiIGZpbGwtcnVsZT0iZXZlbm9kZCIvPgo8L3N2Zz4=\" alt=\"previous arrow\"><\/div><\/div><div class=\"n2-ss-slider-controls n2-ss-slider-controls-absolute-right-center\"><div style=\"--widget-offset:15px;\" class=\"n2-ss-widget nextend-arrow n2-ow-all nextend-arrow-next  nextend-arrow-animated-fade\" data-hide-mobileportrait=\"1\" id=\"n2-ss-6-arrow-next\" role=\"button\" aria-label=\"next arrow\" tabindex=\"0\"><img loading=\"lazy\" decoding=\"async\" width=\"32\" height=\"32\" class=\"skip-lazy\" data-skip-lazy=\"1\" src=\"data:image\/svg+xml;base64,PHN2ZyB3aWR0aD0iMzIiIGhlaWdodD0iMzIiIHZpZXdCb3g9IjAgMCAzMiAzMiIgeG1sbnM9Imh0dHA6Ly93d3cudzMub3JnLzIwMDAvc3ZnIj4KICAgIDxwYXRoIGQ9Ik0xMC43MjIgNC4yOTNjLS4zOTQtLjM5LTEuMDMyLS4zOS0xLjQyNyAwLS4zOTMuMzktLjM5MyAxLjAzIDAgMS40MmwxMS4yODMgMTAuMjgtMTEuMjgzIDEwLjI5Yy0uMzkzLjM5LS4zOTMgMS4wMiAwIDEuNDIuMzk1LjM5IDEuMDMzLjM5IDEuNDI3IDBsMTIuMDA3LTEwLjk0Yy4yMS0uMjEuMy0uNDkuMjg0LS43Ny4wMTQtLjI3LS4wNzYtLjU1LS4yODYtLjc2TDEwLjcyIDQuMjkzeiIKICAgICAgICAgIGZpbGw9IiNmZmZmZmYiIG9wYWNpdHk9IjAuOCIgZmlsbC1ydWxlPSJldmVub2RkIi8+Cjwvc3ZnPg==\" alt=\"next arrow\"><\/div><\/div><\/div><\/div><ss3-loader><\/ss3-loader><\/div><\/div><div class=\"n2_clear\"><\/div><\/div><\/ss3-force-full-width><\/div>\n\n\n<p>&nbsp;<\/p>\n\n\n\n<h2 class=\"wp-block-heading\">\u00a1Cont\u00e1ctanos para aprender m\u00e1s!<\/h2>\n\n\n\n<p>En Bordadoras Mafred&#8217;s, estamos listos para ayudarte a encontrar la m\u00e1quina bordadora ideal para tus necesidades. Contamos con un equipo experimentado que ofrece asistencia t\u00e9cnica y repuestos de calidad. Encuentra lo que buscas y no dudes en consultarnos.<\/p>\n\n\n\n<h2 class=\"wp-block-heading\">Preguntas Frecuentes<\/h2>\n\n\n\n<h5 class=\"wp-block-heading\">Encuentra aqu\u00ed respuestas a tus dudas sobre nuestro servicio t\u00e9cnico.<\/h5>\n\n\n\n<p><br><br><a tabindex=\"0\">\u00bfQu\u00e9 servicios ofrecen?<\/a><\/p>\n\n\n\n<p>Ofrecemos ventas de m\u00e1quinas bordadoras, abastecimiento de repuestos y un eficiente servicio t\u00e9cnico. Nuestro equipo t\u00e9cnico est\u00e1 disponible para asistir en el mantenimiento y reparaci\u00f3n de tu maquinaria para garantizar su \u00f3ptimo funcionamiento.<\/p>\n\n\n\n<p><br><br><a tabindex=\"0\">\u00bfC\u00f3mo puedo contactarles?<\/a><\/p>\n\n\n\n<p>Puedes contactarnos a trav\u00e9s de WhatsApp, nuestro formulario en l\u00ednea, o directamente por tel\u00e9fono. Estamos aqu\u00ed para ayudarte con cualquier pregunta que tengas sobre nuestros productos y servicios.<\/p>\n\n\n\n<p><br><br><a tabindex=\"0\">\u00bfQu\u00e9 garant\u00eda ofrecen?<\/a><\/p>\n\n\n\n<p>Nuestras m\u00e1quinas y repuestos cuentan con una garant\u00eda que asegura su calidad y funcionamiento. Te invitamos a consultar las condiciones espec\u00edficas de cada producto a trav\u00e9s de nuestra atenci\u00f3n al cliente.<\/p>\n\n\n\n<p>&nbsp;<\/p>\n\n\n\n<p><a tabindex=\"0\">\u00bfTienen tutoriales en l\u00ednea?<\/a><\/p>\n\n\n\n<p>S\u00ed, contamos con una serie de tutoriales en l\u00ednea para ayudarte a sacar el m\u00e1ximo provecho a tus m\u00e1quinas bordadoras. Visita nuestra secci\u00f3n de recursos en el sitio web para m\u00e1s informaci\u00f3n.*<\/p>\n\n\n\n<p><br><br><a tabindex=\"0\">\u00bfQu\u00e9 tipos de m\u00e1quinas tienen?<\/a><\/p>\n\n\n\n<p>Disponemos de diferentes modelos de m\u00e1quinas bordadoras industriales adaptadas a las diversas necesidades del sector textil. Cont\u00e1ctanos para asesorarte en la elecci\u00f3n de la m\u00e1quina que mejor se adapte a tu negocio.<\/p>\n\n\n\n<h3 class=\"wp-block-heading\">\u00bfTienes m\u00e1s preguntas?<\/h3>\n\n\n\n<p>No dudes en ponerte en contacto con nosotros para cualquier consulta. Estamos aqu\u00ed para ayudarte.<\/p>\n","protected":false},"excerpt":{"rendered":"<p>&nbsp; \u00a1Cont\u00e1ctanos para aprender m\u00e1s! En Bordadoras Mafred&#8217;s, estamos listos para ayudarte a encontrar la m\u00e1quina bordadora ideal para tus [&hellip;]<\/p>\n","protected":false},"author":1,"featured_media":0,"parent":12,"menu_order":0,"comment_status":"closed","ping_status":"closed","template":"","meta":{"site-sidebar-layout":"default","site-content-layout":"","ast-site-content-layout":"default","site-content-style":"default","site-sidebar-style":"default","ast-global-header-display":"","ast-banner-title-visibility":"","ast-main-header-display":"","ast-hfb-above-header-display":"","ast-hfb-below-header-display":"","ast-hfb-mobile-header-display":"","site-post-title":"","ast-breadcrumbs-content":"","ast-featured-img":"","footer-sml-layout":"","ast-disable-related-posts":"","theme-transparent-header-meta":"","adv-header-id-meta":"","stick-header-meta":"","header-above-stick-meta":"","header-main-stick-meta":"","header-below-stick-meta":"","astra-migrate-meta-layouts":"default","ast-page-background-enabled":"default","ast-page-background-meta":{"desktop":{"background-color":"var(--ast-global-color-5)","background-image":"","background-repeat":"repeat","background-position":"center center","background-size":"auto","background-attachment":"scroll","background-type":"","background-media":"","overlay-type":"","overlay-color":"","overlay-opacity":"","overlay-gradient":""},"tablet":{"background-color":"","background-image":"","background-repeat":"repeat","background-position":"center center","background-size":"auto","background-attachment":"scroll","background-type":"","background-media":"","overlay-type":"","overlay-color":"","overlay-opacity":"","overlay-gradient":""},"mobile":{"background-color":"","background-image":"","background-repeat":"repeat","background-position":"center center","background-size":"auto","background-attachment":"scroll","background-type":"","background-media":"","overlay-type":"","overlay-color":"","overlay-opacity":"","overlay-gradient":""}},"ast-content-background-meta":{"desktop":{"background-color":"var(--ast-global-color-4)","background-image":"","background-repeat":"repeat","background-position":"center center","background-size":"auto","background-attachment":"scroll","background-type":"","background-media":"","overlay-type":"","overlay-color":"","overlay-opacity":"","overlay-gradient":""},"tablet":{"background-color":"var(--ast-global-color-4)","background-image":"","background-repeat":"repeat","background-position":"center center","background-size":"auto","background-attachment":"scroll","background-type":"","background-media":"","overlay-type":"","overlay-color":"","overlay-opacity":"","overlay-gradient":""},"mobile":{"background-color":"var(--ast-global-color-4)","background-image":"","background-repeat":"repeat","background-position":"center center","background-size":"auto","background-attachment":"scroll","background-type":"","background-media":"","overlay-type":"","overlay-color":"","overlay-opacity":"","overlay-gradient":""}},"_joinchat":[],"footnotes":""},"class_list":["post-13","page","type-page","status-publish","hentry"],"_links":{"self":[{"href":"https:\/\/bordadorasmafreds.com\/index.php?rest_route=\/wp\/v2\/pages\/13","targetHints":{"allow":["GET"]}}],"collection":[{"href":"https:\/\/bordadorasmafreds.com\/index.php?rest_route=\/wp\/v2\/pages"}],"about":[{"href":"https:\/\/bordadorasmafreds.com\/index.php?rest_route=\/wp\/v2\/types\/page"}],"author":[{"embeddable":true,"href":"https:\/\/bordadorasmafreds.com\/index.php?rest_route=\/wp\/v2\/users\/1"}],"replies":[{"embeddable":true,"href":"https:\/\/bordadorasmafreds.com\/index.php?rest_route=%2Fwp%2Fv2%2Fcomments&post=13"}],"version-history":[{"count":3,"href":"https:\/\/bordadorasmafreds.com\/index.php?rest_route=\/wp\/v2\/pages\/13\/revisions"}],"predecessor-version":[{"id":148,"href":"https:\/\/bordadorasmafreds.com\/index.php?rest_route=\/wp\/v2\/pages\/13\/revisions\/148"}],"up":[{"embeddable":true,"href":"https:\/\/bordadorasmafreds.com\/index.php?rest_route=\/wp\/v2\/pages\/12"}],"wp:attachment":[{"href":"https:\/\/bordadorasmafreds.com\/index.php?rest_route=%2Fwp%2Fv2%2Fmedia&parent=13"}],"curies":[{"name":"wp","href":"https:\/\/api.w.org\/{rel}","templated":true}]}}